{"id":7897,"date":"2023-05-16T08:03:54","date_gmt":"2023-05-16T08:03:54","guid":{"rendered":"https:\/\/articlar.es\/our-projects\/"},"modified":"2024-03-28T08:46:05","modified_gmt":"2024-03-28T08:46:05","slug":"our-projects","status":"publish","type":"page","link":"https:\/\/articlar.es\/en\/our-projects\/","title":{"rendered":"Our projects"},"content":{"rendered":"\t\t<div data-elementor-type=\"wp-page\" data-elementor-id=\"7897\" class=\"elementor elementor-7897 elementor-1329\">\n\t\t\t\t<div class=\"elementor-element elementor-element-7d92aa7 e-flex e-con-boxed e-con e-parent\" data-id=\"7d92aa7\" data-element_type=\"container\" data-e-type=\"container\">\n\t\t\t\t\t<div class=\"e-con-inner\">\n\t\t\t\t<div class=\"elementor-element elementor-element-cc98f25 elementor-widget elementor-widget-heading\" data-id=\"cc98f25\" data-element_type=\"widget\" data-e-type=\"widget\" data-widget_type=\"heading.default\">\n\t\t\t\t<div class=\"elementor-widget-container\">\n\t\t\t\t\t<h1 class=\"elementor-heading-title elementor-size-default\">Our projects<\/h1>\t\t\t\t<\/div>\n\t\t\t\t<\/div>\n\t\t\t\t<div class=\"elementor-element elementor-element-b094757 elementor-widget elementor-widget-text-editor\" data-id=\"b094757\" data-element_type=\"widget\" data-e-type=\"widget\" data-widget_type=\"text-editor.default\">\n\t\t\t\t<div class=\"elementor-widget-container\">\n\t\t\t\t\t\t\t\t\t<p>Discover how we create emotions.<\/p>\n\t\t\t\t\t\t\t\t<\/div>\n\t\t\t\t<\/div>\n\t\t\t\t\t<\/div>\n\t\t\t\t<\/div>\n\t\t<div class=\"elementor-element elementor-element-e06a7a6 e-con-full qodef-elementor-content-grid e-flex e-con e-parent\" data-id=\"e06a7a6\" data-element_type=\"container\" data-e-type=\"container\">\n\t\t\t\t<div class=\"elementor-element elementor-element-4c4c7c4 elementor-widget elementor-widget-kahlo_core_events_list\" data-id=\"4c4c7c4\" data-element_type=\"widget\" data-e-type=\"widget\" data-widget_type=\"kahlo_core_events_list.default\">\n\t\t\t\t<div class=\"elementor-widget-container\">\n\t\t\t\t\t<div class=\"qodef-shortcode qodef-m  qodef-events-list qodef-item-layout--info-below qodef-grid qodef-layout--columns  qodef-gutter--medium qodef-vertical-gutter--medium qodef-col-num--2 qodef-item-layout--info-below qodef-pagination--off qodef-responsive--predefined qodef-swiper--show-pagination\"  data-options=\"{&quot;plugin&quot;:&quot;kahlo_core&quot;,&quot;module&quot;:&quot;post-types\\\/events\\\/shortcodes&quot;,&quot;shortcode&quot;:&quot;events-list&quot;,&quot;post_type&quot;:&quot;event-item&quot;,&quot;next_page&quot;:&quot;2&quot;,&quot;max_pages_num&quot;:0,&quot;behavior&quot;:&quot;columns&quot;,&quot;images_proportion&quot;:&quot;full&quot;,&quot;columns&quot;:&quot;2&quot;,&quot;columns_responsive&quot;:&quot;predefined&quot;,&quot;columns_1512&quot;:&quot;3&quot;,&quot;columns_1440&quot;:&quot;3&quot;,&quot;columns_1366&quot;:&quot;3&quot;,&quot;columns_1024&quot;:&quot;3&quot;,&quot;columns_768&quot;:&quot;3&quot;,&quot;columns_680&quot;:&quot;3&quot;,&quot;columns_480&quot;:&quot;3&quot;,&quot;space&quot;:&quot;medium&quot;,&quot;vertical_space&quot;:&quot;medium&quot;,&quot;indent_slider&quot;:&quot;yes&quot;,&quot;posts_per_page&quot;:&quot;8&quot;,&quot;orderby&quot;:&quot;date&quot;,&quot;order&quot;:&quot;ASC&quot;,&quot;additional_params&quot;:&quot;tax&quot;,&quot;tax&quot;:&quot;event-types&quot;,&quot;tax_slug&quot;:&quot;transport, museography&quot;,&quot;layout&quot;:&quot;info-below&quot;,&quot;title_tag&quot;:&quot;h5&quot;,&quot;show_location&quot;:&quot;no&quot;,&quot;show_event_types&quot;:&quot;yes&quot;,&quot;enable_top_info&quot;:&quot;no&quot;,&quot;top_info_title&quot;:&quot;Current exhibitions&quot;,&quot;top_info_title_tag&quot;:&quot;h4&quot;,&quot;top_info_more_text&quot;:&quot;See all exhibitions&quot;,&quot;top_info_more_target&quot;:&quot;_self&quot;,&quot;enable_filter&quot;:&quot;no&quot;,&quot;full_width_filter&quot;:&quot;no&quot;,&quot;pagination_type&quot;:&quot;no-pagination&quot;,&quot;enable_appear&quot;:&quot;yes&quot;,&quot;object_class_name&quot;:&quot;KahloCore_Events_List_Shortcode&quot;,&quot;taxonomy_filter&quot;:&quot;event-types&quot;,&quot;additional_query_args&quot;:{&quot;tax_query&quot;:[{&quot;taxonomy&quot;:&quot;event-types&quot;,&quot;field&quot;:&quot;slug&quot;,&quot;terms&quot;:[&quot;transport&quot;,&quot; museography&quot;]}]},&quot;holder_outer_classes&quot;:&quot;qodef-events-list-outer &quot;,&quot;holder_styles&quot;:[],&quot;top_info_styles&quot;:[],&quot;item_classes&quot;:&quot;qodef-e qodef-grid-item  qodef--has-appear&quot;,&quot;space_value&quot;:40}\">\n\t\t<div class=\"qodef-grid-inner\">\n\t\t<p class=\"qodef-m-posts-not-found qodef-grid-item\">No posts were found for provided query parameters.<\/p>\n\t<\/div>\n\t<\/div>\n\t\t\t\t<\/div>\n\t\t\t\t<\/div>\n\t\t\t\t<\/div>\n\t\t\t\t<section class=\"elementor-section elementor-top-section elementor-element elementor-element-69648eb elementor-section-full_width elementor-section-height-default elementor-section-height-default\" data-id=\"69648eb\" data-element_type=\"section\" data-e-type=\"section\">\n\t\t\t\t\t\t<div class=\"elementor-container elementor-column-gap-default\">\n\t\t\t\t\t<div class=\"elementor-column elementor-col-100 elementor-top-column elementor-element elementor-element-33e5346\" data-id=\"33e5346\" data-element_type=\"column\" data-e-type=\"column\">\n\t\t\t<div class=\"elementor-widget-wrap elementor-element-populated\">\n\t\t\t\t\t\t<div class=\"elementor-element elementor-element-048956b elementor-widget elementor-widget-kahlo_core_separator\" data-id=\"048956b\" data-element_type=\"widget\" data-e-type=\"widget\" data-widget_type=\"kahlo_core_separator.default\">\n\t\t\t\t<div class=\"elementor-widget-container\">\n\t\t\t\t\t<div class=\"qodef-shortcode qodef-m  qodef-separator clear qodef-separator-custom-932  qodef-show--yes qodef-show-1600--yes qodef-show-1440--yes qodef-show-1366--yes qodef-show-1280--yes qodef-show-1024--yes qodef-show-768--yes qodef-show-680--yes qodef-show-480--yes\">\n\t<div class=\"qodef-m-line\" ><\/div>\n<\/div>\n\t\t\t\t<\/div>\n\t\t\t\t<\/div>\n\t\t\t\t\t<\/div>\n\t\t<\/div>\n\t\t\t\t\t<\/div>\n\t\t<\/section>\n\t\t<div class=\"elementor-element elementor-element-6597b84 e-flex e-con-boxed e-con e-parent\" data-id=\"6597b84\" data-element_type=\"container\" data-e-type=\"container\">\n\t\t\t\t\t<div class=\"e-con-inner\">\n\t\t\t\t<div class=\"elementor-element elementor-element-e847512 elementor-widget elementor-widget-kahlo_core_banner\" data-id=\"e847512\" data-element_type=\"widget\" data-e-type=\"widget\" data-widget_type=\"kahlo_core_banner.default\">\n\t\t\t\t<div class=\"elementor-widget-container\">\n\t\t\t\t\t<div class=\"qodef-shortcode qodef-m  qodef-banner qodef-banner-font-436 qodef-layout--link-overlay   qodef-banner-59-41\">\n    <div class=\"qodef-m-content\" style=\"background-color: #3072F6\">\n        <div class=\"qodef-m-content-inner\">\n            <div class=\"qodef-title-holder\">\n                \t<h2 class=\"qodef-m-title\" style=\"color: #FFFFFF;max-width: 90%\">\n\t\t\t\t\tFor more information.\t\t\t<\/h2>\n                            <\/div>\n            <div class=\"qodef-e-banner-bottom-holder\">\n                                \t<div class=\"qodef-m-button\">\n\t\t<a class=\"qodef-shortcode qodef-m  qodef-button qodef-button-font-477 qodef-layout--textual qodef-show-button-arrow--no   qodef-link-only-arrow--no qodef-html--link\" href=\"\/en\/contact\/\" target=\"_self\"  style=\"color: #FFFFFF\">\t<span class=\"qodef-btn-text\">Get in touch<\/span>\t<span class=\"qodef-btn-arrow\">\t\t<svg class=\"qodef-svg--button-arrow-standard\" xmlns=\"http:\/\/www.w3.org\/2000\/svg\" width=\"12.137\" height=\"14.802\" viewBox=\"0 0 12.137 14.802\"><g><path fill=\"currentColor\" d=\"M12.137 4.745v2.689L4.782 2.689V0Z\"\/><path fill=\"currentColor\" d=\"M12.137 10.057V7.368l-7.355 4.745v2.689Z\"\/><path fill=\"none\" stroke=\"currentColor\" d=\"M11.389 7.359H0\"\/><\/g><\/svg>\t<\/span><\/a>\t<\/div>\n            <\/div>\n                    <\/div>\n    <\/div>\n    <div class=\"qodef-m-image\">\n\t<img fetchpriority=\"high\" decoding=\"async\" width=\"539\" height=\"328\" src=\"https:\/\/articlar.es\/wp-content\/uploads\/2024\/03\/contactanos.jpg\" class=\"attachment-full size-full\" alt=\"\" srcset=\"https:\/\/articlar.es\/wp-content\/uploads\/2024\/03\/contactanos.jpg 539w, https:\/\/articlar.es\/wp-content\/uploads\/2024\/03\/contactanos-300x183.jpg 300w\" sizes=\"(max-width: 539px) 100vw, 539px\" \/><\/div>\n    <a itemprop=\"url\" href=\"\/en\/contact\/\" class=\"qodef-m-banner-link\" target=\"_self\"><\/a>\n\n<\/div>\n\t\t\t\t<\/div>\n\t\t\t\t<\/div>\n\t\t\t\t\t<\/div>\n\t\t\t\t<\/div>\n\t\t\t\t<\/div>\n\t\t","protected":false},"excerpt":{"rendered":"<p>Our projects Discover how we create emotions. Fundaci\u00f3n Bancaja Jorge Oteiza y Eduardo Chillida. Di\u00e1logo en los a\u00f1os 50 y 60 Adapting Spaces Museographic Apparatus Packaging Setting up Storage Transportation Fundaci\u00f3n Bancaja. London calling.Arte Brit\u00e1nico hoy.De David Hockney a Idris Khan. Packaging Setting up Storage Transportation Ciutat de les Arts i Les Ci\u00e8ncies e itinerancia [&hellip;]<\/p>\n","protected":false},"author":1,"featured_media":0,"parent":0,"menu_order":0,"comment_status":"closed","ping_status":"closed","template":"page-full-width.php","meta":{"footnotes":""},"class_list":["post-7897","page","type-page","status-publish","hentry"],"yoast_head":"<!-- This site is optimized with the Yoast SEO plugin v27.2 - https:\/\/yoast.com\/product\/yoast-seo-wordpress\/ -->\n<title>National and International Projects | Art i Clar<\/title>\n<meta name=\"description\" content=\"Discover our Museography and Artwork Preservation and Transportation Projects\" \/>\n<meta name=\"robots\" content=\"index, follow, max-snippet:-1, max-image-preview:large, max-video-preview:-1\" \/>\n<link rel=\"canonical\" href=\"https:\/\/articlar.es\/proyectos\/\" \/>\n<meta property=\"og:locale\" content=\"en_US\" \/>\n<meta property=\"og:type\" content=\"article\" \/>\n<meta property=\"og:title\" content=\"National and International Projects | Art i Clar\" \/>\n<meta property=\"og:description\" content=\"Discover our Museography and Artwork Preservation and Transportation Projects\" \/>\n<meta property=\"og:url\" content=\"https:\/\/articlar.es\/proyectos\/\" \/>\n<meta property=\"og:site_name\" content=\"Art i Clar\" \/>\n<meta property=\"article:modified_time\" content=\"2024-03-28T08:46:05+00:00\" \/>\n<meta property=\"og:image\" content=\"https:\/\/articlar.es\/wp-content\/uploads\/2023\/07\/chillida-oteiza.jpg\" \/>\n<meta name=\"twitter:card\" content=\"summary_large_image\" \/>\n<meta name=\"twitter:label1\" content=\"Est. reading time\" \/>\n\t<meta name=\"twitter:data1\" content=\"2 minutes\" \/>\n<script type=\"application\/ld+json\" class=\"yoast-schema-graph\">{\"@context\":\"https:\/\/schema.org\",\"@graph\":[{\"@type\":\"WebPage\",\"@id\":\"https:\/\/articlar.es\/proyectos\/\",\"url\":\"https:\/\/articlar.es\/proyectos\/\",\"name\":\"National and International Projects | Art i Clar\",\"isPartOf\":{\"@id\":\"https:\/\/articlar.es\/#website\"},\"primaryImageOfPage\":{\"@id\":\"https:\/\/articlar.es\/proyectos\/#primaryimage\"},\"image\":{\"@id\":\"https:\/\/articlar.es\/proyectos\/#primaryimage\"},\"thumbnailUrl\":\"https:\/\/articlar.es\/wp-content\/uploads\/2023\/07\/chillida-oteiza.jpg\",\"datePublished\":\"2023-05-16T08:03:54+00:00\",\"dateModified\":\"2024-03-28T08:46:05+00:00\",\"description\":\"Discover our Museography and Artwork Preservation and Transportation Projects\",\"breadcrumb\":{\"@id\":\"https:\/\/articlar.es\/proyectos\/#breadcrumb\"},\"inLanguage\":\"en-US\",\"potentialAction\":[{\"@type\":\"ReadAction\",\"target\":[\"https:\/\/articlar.es\/proyectos\/\"]}]},{\"@type\":\"ImageObject\",\"inLanguage\":\"en-US\",\"@id\":\"https:\/\/articlar.es\/proyectos\/#primaryimage\",\"url\":\"https:\/\/articlar.es\/wp-content\/uploads\/2023\/07\/chillida-oteiza.jpg\",\"contentUrl\":\"https:\/\/articlar.es\/wp-content\/uploads\/2023\/07\/chillida-oteiza.jpg\"},{\"@type\":\"BreadcrumbList\",\"@id\":\"https:\/\/articlar.es\/proyectos\/#breadcrumb\",\"itemListElement\":[{\"@type\":\"ListItem\",\"position\":1,\"name\":\"Portada\",\"item\":\"https:\/\/articlar.es\/\"},{\"@type\":\"ListItem\",\"position\":2,\"name\":\"Our projects\"}]},{\"@type\":\"WebSite\",\"@id\":\"https:\/\/articlar.es\/#website\",\"url\":\"https:\/\/articlar.es\/\",\"name\":\"Art i Clar\",\"description\":\"Arte en movimiento\",\"potentialAction\":[{\"@type\":\"SearchAction\",\"target\":{\"@type\":\"EntryPoint\",\"urlTemplate\":\"https:\/\/articlar.es\/?s={search_term_string}\"},\"query-input\":{\"@type\":\"PropertyValueSpecification\",\"valueRequired\":true,\"valueName\":\"search_term_string\"}}],\"inLanguage\":\"en-US\"}]}<\/script>\n<!-- \/ Yoast SEO plugin. -->","yoast_head_json":{"title":"National and International Projects | Art i Clar","description":"Discover our Museography and Artwork Preservation and Transportation Projects","robots":{"index":"index","follow":"follow","max-snippet":"max-snippet:-1","max-image-preview":"max-image-preview:large","max-video-preview":"max-video-preview:-1"},"canonical":"https:\/\/articlar.es\/proyectos\/","og_locale":"en_US","og_type":"article","og_title":"National and International Projects | Art i Clar","og_description":"Discover our Museography and Artwork Preservation and Transportation Projects","og_url":"https:\/\/articlar.es\/proyectos\/","og_site_name":"Art i Clar","article_modified_time":"2024-03-28T08:46:05+00:00","og_image":[{"url":"https:\/\/articlar.es\/wp-content\/uploads\/2023\/07\/chillida-oteiza.jpg","type":"","width":"","height":""}],"twitter_card":"summary_large_image","twitter_misc":{"Est. reading time":"2 minutes"},"schema":{"@context":"https:\/\/schema.org","@graph":[{"@type":"WebPage","@id":"https:\/\/articlar.es\/proyectos\/","url":"https:\/\/articlar.es\/proyectos\/","name":"National and International Projects | Art i Clar","isPartOf":{"@id":"https:\/\/articlar.es\/#website"},"primaryImageOfPage":{"@id":"https:\/\/articlar.es\/proyectos\/#primaryimage"},"image":{"@id":"https:\/\/articlar.es\/proyectos\/#primaryimage"},"thumbnailUrl":"https:\/\/articlar.es\/wp-content\/uploads\/2023\/07\/chillida-oteiza.jpg","datePublished":"2023-05-16T08:03:54+00:00","dateModified":"2024-03-28T08:46:05+00:00","description":"Discover our Museography and Artwork Preservation and Transportation Projects","breadcrumb":{"@id":"https:\/\/articlar.es\/proyectos\/#breadcrumb"},"inLanguage":"en-US","potentialAction":[{"@type":"ReadAction","target":["https:\/\/articlar.es\/proyectos\/"]}]},{"@type":"ImageObject","inLanguage":"en-US","@id":"https:\/\/articlar.es\/proyectos\/#primaryimage","url":"https:\/\/articlar.es\/wp-content\/uploads\/2023\/07\/chillida-oteiza.jpg","contentUrl":"https:\/\/articlar.es\/wp-content\/uploads\/2023\/07\/chillida-oteiza.jpg"},{"@type":"BreadcrumbList","@id":"https:\/\/articlar.es\/proyectos\/#breadcrumb","itemListElement":[{"@type":"ListItem","position":1,"name":"Portada","item":"https:\/\/articlar.es\/"},{"@type":"ListItem","position":2,"name":"Our projects"}]},{"@type":"WebSite","@id":"https:\/\/articlar.es\/#website","url":"https:\/\/articlar.es\/","name":"Art i Clar","description":"Arte en movimiento","potentialAction":[{"@type":"SearchAction","target":{"@type":"EntryPoint","urlTemplate":"https:\/\/articlar.es\/?s={search_term_string}"},"query-input":{"@type":"PropertyValueSpecification","valueRequired":true,"valueName":"search_term_string"}}],"inLanguage":"en-US"}]}},"_links":{"self":[{"href":"https:\/\/articlar.es\/en\/wp-json\/wp\/v2\/pages\/7897","targetHints":{"allow":["GET"]}}],"collection":[{"href":"https:\/\/articlar.es\/en\/wp-json\/wp\/v2\/pages"}],"about":[{"href":"https:\/\/articlar.es\/en\/wp-json\/wp\/v2\/types\/page"}],"author":[{"embeddable":true,"href":"https:\/\/articlar.es\/en\/wp-json\/wp\/v2\/users\/1"}],"replies":[{"embeddable":true,"href":"https:\/\/articlar.es\/en\/wp-json\/wp\/v2\/comments?post=7897"}],"version-history":[{"count":22,"href":"https:\/\/articlar.es\/en\/wp-json\/wp\/v2\/pages\/7897\/revisions"}],"predecessor-version":[{"id":8370,"href":"https:\/\/articlar.es\/en\/wp-json\/wp\/v2\/pages\/7897\/revisions\/8370"}],"wp:attachment":[{"href":"https:\/\/articlar.es\/en\/wp-json\/wp\/v2\/media?parent=7897"}],"curies":[{"name":"wp","href":"https:\/\/api.w.org\/{rel}","templated":true}]}}